{"id":745,"date":"2026-02-27T08:53:28","date_gmt":"2026-02-27T07:53:28","guid":{"rendered":"https:\/\/dpsixty9visual.com\/politica-de-privacidad\/"},"modified":"2026-02-27T10:25:14","modified_gmt":"2026-02-27T09:25:14","slug":"politica-de-privacidad","status":"publish","type":"page","link":"https:\/\/dpsixty9visual.com\/fr\/politica-de-privacidad\/","title":{"rendered":"Pol\u00edtica de Privacidad"},"content":{"rendered":"\t\t<div data-elementor-type=\"wp-page\" data-elementor-id=\"745\" class=\"elementor elementor-745 elementor-712\" data-elementor-post-type=\"page\">\n\t\t\t\t<div class=\"elementor-element elementor-element-a6f8e2c e-flex e-con-boxed e-con e-parent\" data-id=\"a6f8e2c\" data-element_type=\"container\" data-e-type=\"container\">\n\t\t\t\t\t<div class=\"e-con-inner\">\n\t\t\t\t<div class=\"elementor-element elementor-element-b054fb5 elementor-widget elementor-widget-heading\" data-id=\"b054fb5\" data-element_type=\"widget\" data-e-type=\"widget\" data-widget_type=\"heading.default\">\n\t\t\t\t\t<h1 class=\"elementor-heading-title elementor-size-default\">Pol\u00edtica de Privacidad<\/h1>\t\t\t\t<\/div>\n\t\t<div class=\"elementor-element elementor-element-1f11a60 e-con-full e-flex e-con e-child\" data-id=\"1f11a60\" data-element_type=\"container\" data-e-type=\"container\">\n\t\t\t\t<div class=\"elementor-element elementor-element-b7761a6 elementor-widget elementor-widget-text-editor\" data-id=\"b7761a6\" data-element_type=\"widget\" data-e-type=\"widget\" data-widget_type=\"text-editor.default\">\n\t\t\t\t\t\t\t\t\t<p>En cumplimiento de lo dispuesto en el Reglamento (UE) 2016\/679, de 27 de abril de 2016 (RGPD), y en la Ley Org\u00e1nica 3\/2018, de 5 de diciembre (LOPDGDD), se informa a los usuarios de este sitio web sobre el tratamiento de sus datos personales.<\/p>\t\t\t\t\t\t\t\t<\/div>\n\t\t\t\t<\/div>\n\t\t<div class=\"elementor-element elementor-element-b255522 e-con-full e-flex e-con e-child\" data-id=\"b255522\" data-element_type=\"container\" data-e-type=\"container\">\n\t\t\t\t<div class=\"elementor-element elementor-element-efb697c elementor-widget elementor-widget-heading\" data-id=\"efb697c\" data-element_type=\"widget\" data-e-type=\"widget\" data-widget_type=\"heading.default\">\n\t\t\t\t\t<h2 class=\"elementor-heading-title elementor-size-default\">1. Responsable del tratamiento<\/h2>\t\t\t\t<\/div>\n\t\t\t\t<div class=\"elementor-element elementor-element-48acb7e elementor-widget elementor-widget-text-editor\" data-id=\"48acb7e\" data-element_type=\"widget\" data-e-type=\"widget\" data-widget_type=\"text-editor.default\">\n\t\t\t\t\t\t\t\t\t<ul><li><p class=\"isSelectedEnd\"><strong>Responsable:<\/strong> Daniel Pierre<\/p><\/li><li><p class=\"isSelectedEnd\"><strong>NIE\/NIF:<\/strong> Y7450503N<\/p><\/li><li><p class=\"isSelectedEnd\"><strong>Domicilio:<\/strong> Calle Campomanes, 13, 3\u00ba Izquierda, 33008 Oviedo, Asturias, Espa\u00f1a<\/p><\/li><li><p class=\"isSelectedEnd\"><strong>Correo electr\u00f3nico:<\/strong> <a href=\"mailto:dpartista@zohomail.eu\">dpartista@zohomail.eu<\/a><\/p><\/li><li><p><strong>Sitio web:<\/strong> <a href=\"http:\/\/www.dpsixty9visual.com\">www.dpsixty9visual.com<\/a><\/p><\/li><\/ul>\t\t\t\t\t\t\t\t<\/div>\n\t\t\t\t<\/div>\n\t\t<div class=\"elementor-element elementor-element-2ffc882 e-con-full e-flex e-con e-child\" data-id=\"2ffc882\" data-element_type=\"container\" data-e-type=\"container\">\n\t\t\t\t<div class=\"elementor-element elementor-element-e741f40 elementor-widget elementor-widget-heading\" data-id=\"e741f40\" data-element_type=\"widget\" data-e-type=\"widget\" data-widget_type=\"heading.default\">\n\t\t\t\t\t<h2 class=\"elementor-heading-title elementor-size-default\">2. Finalidad del tratamiento de los datos<\/h2>\t\t\t\t<\/div>\n\t\t\t\t<div class=\"elementor-element elementor-element-f9f1cb7 elementor-widget elementor-widget-text-editor\" data-id=\"f9f1cb7\" data-element_type=\"widget\" data-e-type=\"widget\" data-widget_type=\"text-editor.default\">\n\t\t\t\t\t\t\t\t\t<p class=\"isSelectedEnd\">Los datos personales que el usuario facilite a trav\u00e9s de este sitio web ser\u00e1n tratados con las siguientes finalidades:<\/p><ul data-spread=\"false\"><li><p class=\"isSelectedEnd\">Atender solicitudes de informaci\u00f3n, consultas o peticiones realizadas a trav\u00e9s del formulario de contacto o mediante correo electr\u00f3nico.<\/p><\/li><li><p class=\"isSelectedEnd\">Gestionar comunicaciones con personas interesadas en sesiones, encargos, colaboraciones, licencias de uso de im\u00e1genes o cualquier otro servicio relacionado con la actividad profesional y art\u00edstica del titular.<\/p><\/li><li><p class=\"isSelectedEnd\">Mantener, en su caso, una relaci\u00f3n precontractual o contractual con las personas interesadas.<\/p><\/li><li><p>Cumplir con las obligaciones legales que resulten de aplicaci\u00f3n.<\/p><\/li><\/ul>\t\t\t\t\t\t\t\t<\/div>\n\t\t\t\t<\/div>\n\t\t<div class=\"elementor-element elementor-element-c1a3229 e-con-full e-flex e-con e-child\" data-id=\"c1a3229\" data-element_type=\"container\" data-e-type=\"container\">\n\t\t\t\t<div class=\"elementor-element elementor-element-8975257 elementor-widget elementor-widget-heading\" data-id=\"8975257\" data-element_type=\"widget\" data-e-type=\"widget\" data-widget_type=\"heading.default\">\n\t\t\t\t\t<h2 class=\"elementor-heading-title elementor-size-default\">3. Datos que se recogen<\/h2>\t\t\t\t<\/div>\n\t\t\t\t<div class=\"elementor-element elementor-element-72f4728 elementor-widget elementor-widget-text-editor\" data-id=\"72f4728\" data-element_type=\"widget\" data-e-type=\"widget\" data-widget_type=\"text-editor.default\">\n\t\t\t\t\t\t\t\t\t<p class=\"isSelectedEnd\">A trav\u00e9s de este sitio web podr\u00e1n recogerse, seg\u00fan el caso, las siguientes categor\u00edas de datos:<\/p><ul data-spread=\"false\"><li><p class=\"isSelectedEnd\">Datos identificativos: nombre.<\/p><\/li><li><p class=\"isSelectedEnd\">Datos de contacto: direcci\u00f3n de correo electr\u00f3nico y tel\u00e9fono, en su caso.<\/p><\/li><li><p class=\"isSelectedEnd\">Datos incluidos en el mensaje o consulta que remita el usuario.<\/p><\/li><li><p class=\"isSelectedEnd\">Cualquier otro dato que el usuario facilite voluntariamente al contactar con el titular.<\/p><\/li><\/ul><p>El usuario garantiza que los datos facilitados son verdaderos, exactos y actualizados, y se hace responsable de cualquier da\u00f1o o perjuicio que pudiera derivarse del incumplimiento de esta obligaci\u00f3n.<\/p>\t\t\t\t\t\t\t\t<\/div>\n\t\t\t\t<\/div>\n\t\t<div class=\"elementor-element elementor-element-f950c82 e-con-full e-flex e-con e-child\" data-id=\"f950c82\" data-element_type=\"container\" data-e-type=\"container\">\n\t\t\t\t<div class=\"elementor-element elementor-element-d7b4515 elementor-widget elementor-widget-heading\" data-id=\"d7b4515\" data-element_type=\"widget\" data-e-type=\"widget\" data-widget_type=\"heading.default\">\n\t\t\t\t\t<h2 class=\"elementor-heading-title elementor-size-default\">4. Legitimaci\u00f3n para el tratamiento<\/h2>\t\t\t\t<\/div>\n\t\t\t\t<div class=\"elementor-element elementor-element-5bd8fce elementor-widget elementor-widget-text-editor\" data-id=\"5bd8fce\" data-element_type=\"widget\" data-e-type=\"widget\" data-widget_type=\"text-editor.default\">\n\t\t\t\t\t\t\t\t\t<p class=\"isSelectedEnd\">La base jur\u00eddica que legitima el tratamiento de los datos personales es:<\/p><ul data-spread=\"false\"><li><p class=\"isSelectedEnd\">El <strong>consentimiento<\/strong> del usuario, al contactar voluntariamente a trav\u00e9s del formulario o del correo electr\u00f3nico.<\/p><\/li><li><p class=\"isSelectedEnd\">La <strong>aplicaci\u00f3n de medidas precontractuales<\/strong> a petici\u00f3n del interesado, cuando la comunicaci\u00f3n est\u00e9 relacionada con la posible contrataci\u00f3n de servicios.<\/p><\/li><li><p>El <strong>cumplimiento de obligaciones legales<\/strong>, cuando resulte aplicable.<\/p><\/li><\/ul>\t\t\t\t\t\t\t\t<\/div>\n\t\t\t\t<\/div>\n\t\t<div class=\"elementor-element elementor-element-b5dc589 e-con-full e-flex e-con e-child\" data-id=\"b5dc589\" data-element_type=\"container\" data-e-type=\"container\">\n\t\t\t\t<div class=\"elementor-element elementor-element-208501a elementor-widget elementor-widget-heading\" data-id=\"208501a\" data-element_type=\"widget\" data-e-type=\"widget\" data-widget_type=\"heading.default\">\n\t\t\t\t\t<h2 class=\"elementor-heading-title elementor-size-default\">5. Conservaci\u00f3n de los datos<\/h2>\t\t\t\t<\/div>\n\t\t\t\t<div class=\"elementor-element elementor-element-167e11a elementor-widget elementor-widget-text-editor\" data-id=\"167e11a\" data-element_type=\"widget\" data-e-type=\"widget\" data-widget_type=\"text-editor.default\">\n\t\t\t\t\t\t\t\t\t<p class=\"isSelectedEnd\">Los datos personales se conservar\u00e1n durante el tiempo necesario para atender la solicitud, consulta o comunicaci\u00f3n realizada por el usuario.<\/p><p class=\"isSelectedEnd\">Posteriormente, podr\u00e1n mantenerse debidamente bloqueados durante los plazos legalmente exigidos para atender posibles responsabilidades legales, contractuales o administrativas.<\/p><p>En caso de que se inicie una relaci\u00f3n profesional o contractual, los datos podr\u00e1n conservarse durante el tiempo necesario para la gesti\u00f3n de dicha relaci\u00f3n y durante los plazos legales correspondientes.<\/p>\t\t\t\t\t\t\t\t<\/div>\n\t\t\t\t<\/div>\n\t\t<div class=\"elementor-element elementor-element-dc6bcfb e-con-full e-flex e-con e-child\" data-id=\"dc6bcfb\" data-element_type=\"container\" data-e-type=\"container\">\n\t\t\t\t<div class=\"elementor-element elementor-element-70302a1 elementor-widget elementor-widget-heading\" data-id=\"70302a1\" data-element_type=\"widget\" data-e-type=\"widget\" data-widget_type=\"heading.default\">\n\t\t\t\t\t<h2 class=\"elementor-heading-title elementor-size-default\">6. Destinatarios de los datos<\/h2>\t\t\t\t<\/div>\n\t\t\t\t<div class=\"elementor-element elementor-element-e128eea elementor-widget elementor-widget-text-editor\" data-id=\"e128eea\" data-element_type=\"widget\" data-e-type=\"widget\" data-widget_type=\"text-editor.default\">\n\t\t\t\t\t\t\t\t\t<p class=\"isSelectedEnd\">Con car\u00e1cter general, los datos personales no se ceder\u00e1n a terceros, salvo obligaci\u00f3n legal.<\/p><p class=\"isSelectedEnd\">No obstante, podr\u00e1n tener acceso a los datos aquellos proveedores que presten servicios auxiliares necesarios para el funcionamiento del sitio web o de la actividad profesional del responsable, tales como servicios de alojamiento web, correo electr\u00f3nico, mantenimiento t\u00e9cnico u otros servicios tecnol\u00f3gicos, actuando en todo caso como <strong>encargados del tratamiento<\/strong> y bajo las correspondientes garant\u00edas legales.<\/p><p>En caso de que se utilicen plataformas o servicios ubicados fuera del Espacio Econ\u00f3mico Europeo, dichas transferencias internacionales, si existieran, se realizar\u00e1n con arreglo a las garant\u00edas adecuadas exigidas por la normativa vigente.<\/p>\t\t\t\t\t\t\t\t<\/div>\n\t\t\t\t<\/div>\n\t\t<div class=\"elementor-element elementor-element-a204cb1 e-con-full e-flex e-con e-child\" data-id=\"a204cb1\" data-element_type=\"container\" data-e-type=\"container\">\n\t\t\t\t<div class=\"elementor-element elementor-element-67e8832 elementor-widget elementor-widget-heading\" data-id=\"67e8832\" data-element_type=\"widget\" data-e-type=\"widget\" data-widget_type=\"heading.default\">\n\t\t\t\t\t<h2 class=\"elementor-heading-title elementor-size-default\">7. Derechos de las personas interesadas<\/h2>\t\t\t\t<\/div>\n\t\t\t\t<div class=\"elementor-element elementor-element-a02105a elementor-widget elementor-widget-text-editor\" data-id=\"a02105a\" data-element_type=\"widget\" data-e-type=\"widget\" data-widget_type=\"text-editor.default\">\n\t\t\t\t\t\t\t\t\t<p class=\"isSelectedEnd\">El usuario puede ejercer en cualquier momento los siguientes derechos:<\/p><ul data-spread=\"false\"><li><p class=\"isSelectedEnd\">Derecho de acceso a sus datos personales.<\/p><\/li><li><p class=\"isSelectedEnd\">Derecho de rectificaci\u00f3n de los datos inexactos o incompletos.<\/p><\/li><li><p class=\"isSelectedEnd\">Derecho de supresi\u00f3n de sus datos cuando, entre otros motivos, ya no sean necesarios para los fines para los que fueron recogidos.<\/p><\/li><li><p class=\"isSelectedEnd\">Derecho de oposici\u00f3n al tratamiento de sus datos.<\/p><\/li><li><p class=\"isSelectedEnd\">Derecho a solicitar la limitaci\u00f3n del tratamiento.<\/p><\/li><li><p class=\"isSelectedEnd\">Derecho a la portabilidad de los datos, cuando legalmente proceda.<\/p><\/li><li><p class=\"isSelectedEnd\">Derecho a retirar el consentimiento en cualquier momento, sin que ello afecte a la licitud del tratamiento basado en el consentimiento previo a su retirada.<\/p><\/li><\/ul><p class=\"isSelectedEnd\">Para ejercer estos derechos, el usuario podr\u00e1 enviar una solicitud, junto con copia de un documento acreditativo de su identidad, a la siguiente direcci\u00f3n de correo electr\u00f3nico: <a href=\"mailto:dpartista@zohomail.eu\"><strong>dpartista@zohomail.eu<\/strong><\/a>.<\/p><p>Asimismo, si considera que el tratamiento de sus datos no se ajusta a la normativa, podr\u00e1 presentar una reclamaci\u00f3n ante la <strong>Agencia Espa\u00f1ola de Protecci\u00f3n de Datos (AEPD)<\/strong>.<\/p>\t\t\t\t\t\t\t\t<\/div>\n\t\t\t\t<\/div>\n\t\t<div class=\"elementor-element elementor-element-511119c e-con-full e-flex e-con e-child\" data-id=\"511119c\" data-element_type=\"container\" data-e-type=\"container\">\n\t\t\t\t<div class=\"elementor-element elementor-element-f5e2507 elementor-widget elementor-widget-heading\" data-id=\"f5e2507\" data-element_type=\"widget\" data-e-type=\"widget\" data-widget_type=\"heading.default\">\n\t\t\t\t\t<h2 class=\"elementor-heading-title elementor-size-default\">8. Car\u00e1cter obligatorio o facultativo de los datos<\/h2>\t\t\t\t<\/div>\n\t\t\t\t<div class=\"elementor-element elementor-element-b651262 elementor-widget elementor-widget-text-editor\" data-id=\"b651262\" data-element_type=\"widget\" data-e-type=\"widget\" data-widget_type=\"text-editor.default\">\n\t\t\t\t\t\t\t\t\t<p class=\"isSelectedEnd\">Los campos identificados como obligatorios en los formularios del sitio web ser\u00e1n necesarios para poder atender correctamente la solicitud del usuario.<\/p><p class=\"isSelectedEnd\">La no cumplimentaci\u00f3n de los datos obligatorios podr\u00e1 impedir que se tramite la consulta o petici\u00f3n.<\/p><p>El env\u00edo de datos a trav\u00e9s de los formularios del sitio web supone que el usuario declara que la informaci\u00f3n facilitada es veraz y acepta esta Pol\u00edtica de Privacidad.<\/p>\t\t\t\t\t\t\t\t<\/div>\n\t\t\t\t<\/div>\n\t\t<div class=\"elementor-element elementor-element-808fba8 e-con-full e-flex e-con e-child\" data-id=\"808fba8\" data-element_type=\"container\" data-e-type=\"container\">\n\t\t\t\t<div class=\"elementor-element elementor-element-bbdb661 elementor-widget elementor-widget-heading\" data-id=\"bbdb661\" data-element_type=\"widget\" data-e-type=\"widget\" data-widget_type=\"heading.default\">\n\t\t\t\t\t<h2 class=\"elementor-heading-title elementor-size-default\">9. Seguridad de los datos<\/h2>\t\t\t\t<\/div>\n\t\t\t\t<div class=\"elementor-element elementor-element-94a34e4 elementor-widget elementor-widget-text-editor\" data-id=\"94a34e4\" data-element_type=\"widget\" data-e-type=\"widget\" data-widget_type=\"text-editor.default\">\n\t\t\t\t\t\t\t\t\t<p class=\"isSelectedEnd\">El responsable del tratamiento adopta las medidas t\u00e9cnicas y organizativas adecuadas para garantizar un nivel de seguridad apropiado al riesgo, con el fin de proteger los datos personales frente a la p\u00e9rdida, alteraci\u00f3n, tratamiento no autorizado o acceso indebido.<\/p><p>No obstante, el usuario debe ser consciente de que las medidas de seguridad en Internet no son absolutamente invulnerables.<\/p>\t\t\t\t\t\t\t\t<\/div>\n\t\t\t\t<\/div>\n\t\t<div class=\"elementor-element elementor-element-c5ae7dd e-con-full e-flex e-con e-child\" data-id=\"c5ae7dd\" data-element_type=\"container\" data-e-type=\"container\">\n\t\t\t\t<div class=\"elementor-element elementor-element-cdd4c8b elementor-widget elementor-widget-heading\" data-id=\"cdd4c8b\" data-element_type=\"widget\" data-e-type=\"widget\" data-widget_type=\"heading.default\">\n\t\t\t\t\t<h2 class=\"elementor-heading-title elementor-size-default\">10. Redes sociales y enlaces a terceros<\/h2>\t\t\t\t<\/div>\n\t\t\t\t<div class=\"elementor-element elementor-element-c1a1135 elementor-widget elementor-widget-text-editor\" data-id=\"c1a1135\" data-element_type=\"widget\" data-e-type=\"widget\" data-widget_type=\"text-editor.default\">\n\t\t\t\t\t\t\t\t\t<p class=\"isSelectedEnd\">Este sitio web puede incluir enlaces a perfiles en redes sociales o a sitios web de terceros. El acceso a dichos enlaces es voluntario para el usuario.<\/p><p>El responsable no se hace responsable de la forma en que dichos terceros traten la informaci\u00f3n personal del usuario. Por ello, se recomienda leer las pol\u00edticas de privacidad de cada plataforma o sitio externo antes de interactuar con ellos.<\/p>\t\t\t\t\t\t\t\t<\/div>\n\t\t\t\t<\/div>\n\t\t<div class=\"elementor-element elementor-element-5eb2228 e-con-full e-flex e-con e-child\" data-id=\"5eb2228\" data-element_type=\"container\" data-e-type=\"container\">\n\t\t\t\t<div class=\"elementor-element elementor-element-85285c3 elementor-widget elementor-widget-heading\" data-id=\"85285c3\" data-element_type=\"widget\" data-e-type=\"widget\" data-widget_type=\"heading.default\">\n\t\t\t\t\t<h2 class=\"elementor-heading-title elementor-size-default\">11. Menores de edad<\/h2>\t\t\t\t<\/div>\n\t\t\t\t<div class=\"elementor-element elementor-element-620fdd7 elementor-widget elementor-widget-text-editor\" data-id=\"620fdd7\" data-element_type=\"widget\" data-e-type=\"widget\" data-widget_type=\"text-editor.default\">\n\t\t\t\t\t\t\t\t\t<p class=\"isSelectedEnd\">Este sitio web no est\u00e1 dirigido espec\u00edficamente a menores de edad. El responsable no solicita conscientemente informaci\u00f3n personal de menores.<\/p><p class=\"isSelectedEnd\">Si un padre, madre o representante legal considera que un menor ha facilitado datos personales a trav\u00e9s del sitio web, podr\u00e1 contactar con el responsable para solicitar su supresi\u00f3n.<\/p>\t\t\t\t\t\t\t\t<\/div>\n\t\t\t\t<\/div>\n\t\t<div class=\"elementor-element elementor-element-153572d e-con-full e-flex e-con e-child\" data-id=\"153572d\" data-element_type=\"container\" data-e-type=\"container\">\n\t\t\t\t<div class=\"elementor-element elementor-element-da02190 elementor-widget elementor-widget-heading\" data-id=\"da02190\" data-element_type=\"widget\" data-e-type=\"widget\" data-widget_type=\"heading.default\">\n\t\t\t\t\t<h2 class=\"elementor-heading-title elementor-size-default\">12. Cambios en la Pol\u00edtica de Privacidad<\/h2>\t\t\t\t<\/div>\n\t\t\t\t<div class=\"elementor-element elementor-element-e925f45 elementor-widget elementor-widget-text-editor\" data-id=\"e925f45\" data-element_type=\"widget\" data-e-type=\"widget\" data-widget_type=\"text-editor.default\">\n\t\t\t\t\t\t\t\t\t<p class=\"isSelectedEnd\">El responsable se reserva el derecho a modificar la presente Pol\u00edtica de Privacidad para adaptarla a novedades legislativas, jurisprudenciales o a cambios en el funcionamiento del sitio web.<\/p><p>En caso de modificaci\u00f3n, la versi\u00f3n actualizada estar\u00e1 disponible en esta misma p\u00e1gina.<\/p>\t\t\t\t\t\t\t\t<\/div>\n\t\t\t\t<\/div>\n\t\t<div class=\"elementor-element elementor-element-30b13b8 e-con-full e-flex e-con e-child\" data-id=\"30b13b8\" data-element_type=\"container\" data-e-type=\"container\">\n\t\t\t\t<div class=\"elementor-element elementor-element-d958613 elementor-widget elementor-widget-heading\" data-id=\"d958613\" data-element_type=\"widget\" data-e-type=\"widget\" data-widget_type=\"heading.default\">\n\t\t\t\t\t<h2 class=\"elementor-heading-title elementor-size-default\">13. Contacto<\/h2>\t\t\t\t<\/div>\n\t\t\t\t<div class=\"elementor-element elementor-element-6956c68 elementor-widget elementor-widget-text-editor\" data-id=\"6956c68\" data-element_type=\"widget\" data-e-type=\"widget\" data-widget_type=\"text-editor.default\">\n\t\t\t\t\t\t\t\t\t<p class=\"isSelectedEnd\">Para cualquier duda o consulta relacionada con esta Pol\u00edtica de Privacidad o con el tratamiento de datos personales, puede contactar en:<\/p><p><a href=\"mailto:dpartista@zohomail.eu\"><strong>dpartista@zohomail.eu<\/strong><\/a><\/p>\t\t\t\t\t\t\t\t<\/div>\n\t\t\t\t<\/div>\n\t\t\t\t\t<\/div>\n\t\t\t\t<\/div>\n\t\t\t\t<\/div>\n\t\t","protected":false},"excerpt":{"rendered":"<p>En cumplimiento de lo dispuesto en el Reglamento (UE) 2016\/679, de 27 de abril de 2016 (RGPD), y en la Ley Org\u00e1nica 3\/2018, de 5 de diciembre (LOPDGDD), se informa a los usuarios de este sitio web sobre el tratamiento de sus datos personales. 1. Responsable del tratamiento Responsable: Daniel Pierre NIE\/NIF: Y7450503N Domicilio: Calle [&hellip;]<\/p>\n","protected":false},"author":5415,"featured_media":0,"parent":0,"menu_order":0,"comment_status":"closed","ping_status":"closed","template":"","meta":{"footnotes":""},"class_list":["post-745","page","type-page","status-publish","hentry"],"_links":{"self":[{"href":"https:\/\/dpsixty9visual.com\/fr\/wp-json\/wp\/v2\/pages\/745","targetHints":{"allow":["GET"]}}],"collection":[{"href":"https:\/\/dpsixty9visual.com\/fr\/wp-json\/wp\/v2\/pages"}],"about":[{"href":"https:\/\/dpsixty9visual.com\/fr\/wp-json\/wp\/v2\/types\/page"}],"author":[{"embeddable":true,"href":"https:\/\/dpsixty9visual.com\/fr\/wp-json\/wp\/v2\/users\/5415"}],"replies":[{"embeddable":true,"href":"https:\/\/dpsixty9visual.com\/fr\/wp-json\/wp\/v2\/comments?post=745"}],"version-history":[{"count":1,"href":"https:\/\/dpsixty9visual.com\/fr\/wp-json\/wp\/v2\/pages\/745\/revisions"}],"predecessor-version":[{"id":753,"href":"https:\/\/dpsixty9visual.com\/fr\/wp-json\/wp\/v2\/pages\/745\/revisions\/753"}],"wp:attachment":[{"href":"https:\/\/dpsixty9visual.com\/fr\/wp-json\/wp\/v2\/media?parent=745"}],"curies":[{"name":"wp","href":"https:\/\/api.w.org\/{rel}","templated":true}]}}