{"id":574,"date":"2026-01-26T13:00:11","date_gmt":"2026-01-26T12:00:11","guid":{"rendered":"https:\/\/dpsixty9visual.com\/home\/"},"modified":"2026-02-26T14:38:18","modified_gmt":"2026-02-26T13:38:18","slug":"home","status":"publish","type":"page","link":"https:\/\/dpsixty9visual.com\/en\/","title":{"rendered":"Home"},"content":{"rendered":"\t\t<div data-elementor-type=\"wp-page\" data-elementor-id=\"574\" class=\"elementor elementor-574 elementor-15\" data-elementor-post-type=\"page\">\n\t\t\t\t<div class=\"elementor-element elementor-element-e9d563a e-con-full e-flex e-con e-parent\" data-id=\"e9d563a\" data-element_type=\"container\" data-e-type=\"container\" id=\"hero-lvn\" data-settings=\"{&quot;background_background&quot;:&quot;classic&quot;}\">\n\t\t\t\t<div class=\"elementor-element elementor-element-f41a485 elementor-invisible elementor-widget elementor-widget-heading\" data-id=\"f41a485\" data-element_type=\"widget\" data-e-type=\"widget\" data-settings=\"{&quot;_animation&quot;:&quot;fadeInDown&quot;}\" data-widget_type=\"heading.default\">\n\t\t\t\t\t<h1 class=\"elementor-heading-title elementor-size-default\">Capturando Momentos<\/h1>\t\t\t\t<\/div>\n\t\t\t\t<div class=\"elementor-element elementor-element-29a4bc7 elementor-invisible elementor-widget elementor-widget-heading\" data-id=\"29a4bc7\" data-element_type=\"widget\" data-e-type=\"widget\" data-settings=\"{&quot;_animation&quot;:&quot;fadeInDown&quot;}\" data-widget_type=\"heading.default\">\n\t\t\t\t\t<p class=\"elementor-heading-title elementor-size-default\">Fotograf\u00eda art\u00edstica y documental<\/p>\t\t\t\t<\/div>\n\t\t\t\t<div class=\"elementor-element elementor-element-6c3fbd0 elementor-absolute elementor-invisible elementor-widget elementor-widget-image\" data-id=\"6c3fbd0\" data-element_type=\"widget\" data-e-type=\"widget\" data-settings=\"{&quot;_position&quot;:&quot;absolute&quot;,&quot;_animation&quot;:&quot;fadeIn&quot;,&quot;_animation_delay&quot;:200}\" data-widget_type=\"image.default\">\n\t\t\t\t\t\t\t\t\t\t\t\t\t\t\t<img fetchpriority=\"high\" decoding=\"async\" width=\"768\" height=\"120\" src=\"https:\/\/dpsixty9visual.com\/wp-content\/uploads\/2026\/02\/LogoDP02-768x120.webp\" class=\"attachment-medium_large size-medium_large wp-image-584\" alt=\"\" srcset=\"https:\/\/dpsixty9visual.com\/wp-content\/uploads\/2026\/02\/LogoDP02-768x120.webp 768w, https:\/\/dpsixty9visual.com\/wp-content\/uploads\/2026\/02\/LogoDP02-300x47.webp 300w, https:\/\/dpsixty9visual.com\/wp-content\/uploads\/2026\/02\/LogoDP02.webp 1020w\" sizes=\"(max-width: 768px) 100vw, 768px\" \/>\t\t\t\t\t\t\t\t\t\t\t\t\t\t\t<\/div>\n\t\t\t\t<\/div>\n\t\t<div class=\"elementor-element elementor-element-77dec21 e-flex e-con-boxed e-con e-parent\" data-id=\"77dec21\" data-element_type=\"container\" data-e-type=\"container\">\n\t\t\t\t\t<div class=\"e-con-inner\">\n\t\t<div class=\"elementor-element elementor-element-64cce49 e-con-full e-flex e-con e-child\" data-id=\"64cce49\" data-element_type=\"container\" data-e-type=\"container\">\n\t\t\t\t<div class=\"elementor-element elementor-element-7bdf1d7 elementor-invisible elementor-widget elementor-widget-heading\" data-id=\"7bdf1d7\" data-element_type=\"widget\" data-e-type=\"widget\" data-settings=\"{&quot;_animation&quot;:&quot;fadeInDown&quot;}\" data-widget_type=\"heading.default\">\n\t\t\t\t\t<h2 class=\"elementor-heading-title elementor-size-default\">Colecciones<\/h2>\t\t\t\t<\/div>\n\t\t\t\t<div class=\"elementor-element elementor-element-7da7428 elementor-invisible elementor-widget elementor-widget-heading\" data-id=\"7da7428\" data-element_type=\"widget\" data-e-type=\"widget\" data-settings=\"{&quot;_animation&quot;:&quot;fadeIn&quot;}\" data-widget_type=\"heading.default\">\n\t\t\t\t\t<p class=\"elementor-heading-title elementor-size-default\">Una buena fotograf\u00eda puede hacer escuchar, hablar, bailar, cantar, llorar, sonre\u00edr, besar, follar, provocar una revoluci\u00f3n, romper la guerra, traer una paz profunda, despertar recuerdos y sensaciones, etc \u2026<\/p>\t\t\t\t<\/div>\n\t\t\t\t<\/div>\n\t\t<div class=\"elementor-element elementor-element-792cf39 e-con-full e-flex e-con e-child\" data-id=\"792cf39\" data-element_type=\"container\" data-e-type=\"container\">\n\t\t<a class=\"elementor-element elementor-element-e2376bd e-con-full img-lvn e-flex elementor-invisible e-con e-child\" data-id=\"e2376bd\" data-element_type=\"container\" data-e-type=\"container\" data-settings=\"{&quot;background_background&quot;:&quot;classic&quot;,&quot;animation&quot;:&quot;fadeInDown&quot;,&quot;animation_delay&quot;:100}\" href=\"https:\/\/dpsixty9visual.com\/coleccion\/mexico\/\">\n\t\t\t\t<div class=\"elementor-element elementor-element-af32033 elementor-widget elementor-widget-heading\" data-id=\"af32033\" data-element_type=\"widget\" data-e-type=\"widget\" data-widget_type=\"heading.default\">\n\t\t\t\t\t<h3 class=\"elementor-heading-title elementor-size-default\">01.<\/h3>\t\t\t\t<\/div>\n\t\t\t\t<div class=\"elementor-element elementor-element-23c3d36 elementor-widget elementor-widget-heading\" data-id=\"23c3d36\" data-element_type=\"widget\" data-e-type=\"widget\" data-widget_type=\"heading.default\">\n\t\t\t\t\t<h2 class=\"elementor-heading-title elementor-size-default\">D\u00eda de muertos<\/h2>\t\t\t\t<\/div>\n\t\t\t\t<div class=\"elementor-element elementor-element-b381737 elementor-widget__width-initial elementor-widget elementor-widget-heading\" data-id=\"b381737\" data-element_type=\"widget\" data-e-type=\"widget\" data-widget_type=\"heading.default\">\n\t\t\t\t\t<p class=\"elementor-heading-title elementor-size-default\">M\u00e9xico m\u00e1gico en este d\u00eda tan especial como es el d\u00eda de muertos, un viaje visual para todos.<\/p>\t\t\t\t<\/div>\n\t\t\t\t<\/a>\n\t\t<a class=\"elementor-element elementor-element-4e5dcee e-con-full img-lvn e-flex elementor-invisible e-con e-child\" data-id=\"4e5dcee\" data-element_type=\"container\" data-e-type=\"container\" data-settings=\"{&quot;background_background&quot;:&quot;classic&quot;,&quot;animation&quot;:&quot;fadeInDown&quot;,&quot;animation_delay&quot;:200}\" href=\"https:\/\/dpsixty9visual.com\/coleccion\/musica\/\">\n\t\t\t\t<div class=\"elementor-element elementor-element-749078d elementor-widget elementor-widget-heading\" data-id=\"749078d\" data-element_type=\"widget\" data-e-type=\"widget\" data-widget_type=\"heading.default\">\n\t\t\t\t\t<h3 class=\"elementor-heading-title elementor-size-default\">02.<\/h3>\t\t\t\t<\/div>\n\t\t\t\t<div class=\"elementor-element elementor-element-06da6e3 elementor-widget elementor-widget-heading\" data-id=\"06da6e3\" data-element_type=\"widget\" data-e-type=\"widget\" data-widget_type=\"heading.default\">\n\t\t\t\t\t<h2 class=\"elementor-heading-title elementor-size-default\">M\u00fasica<\/h2>\t\t\t\t<\/div>\n\t\t\t\t<div class=\"elementor-element elementor-element-478c5ec elementor-widget__width-initial elementor-widget elementor-widget-heading\" data-id=\"478c5ec\" data-element_type=\"widget\" data-e-type=\"widget\" data-widget_type=\"heading.default\">\n\t\t\t\t\t<p class=\"elementor-heading-title elementor-size-default\">Visualmente la m\u00fasica puede verse\ntan bonito como se escucha.<\/p>\t\t\t\t<\/div>\n\t\t\t\t<\/a>\n\t\t\t\t<\/div>\n\t\t<div class=\"elementor-element elementor-element-a215c92 e-con-full e-flex e-con e-child\" data-id=\"a215c92\" data-element_type=\"container\" data-e-type=\"container\">\n\t\t<a class=\"elementor-element elementor-element-1b39333 e-con-full img-lvn e-flex elementor-invisible e-con e-child\" data-id=\"1b39333\" data-element_type=\"container\" data-e-type=\"container\" data-settings=\"{&quot;background_background&quot;:&quot;classic&quot;,&quot;animation&quot;:&quot;fadeInDown&quot;,&quot;animation_delay&quot;:300}\" href=\"https:\/\/dpsixty9visual.com\/coleccion\/humo\/\">\n\t\t\t\t<div class=\"elementor-element elementor-element-ebb8ebc elementor-widget elementor-widget-heading\" data-id=\"ebb8ebc\" data-element_type=\"widget\" data-e-type=\"widget\" data-widget_type=\"heading.default\">\n\t\t\t\t\t<h3 class=\"elementor-heading-title elementor-size-default\">03.<\/h3>\t\t\t\t<\/div>\n\t\t\t\t<div class=\"elementor-element elementor-element-6eca66f elementor-widget elementor-widget-heading\" data-id=\"6eca66f\" data-element_type=\"widget\" data-e-type=\"widget\" data-widget_type=\"heading.default\">\n\t\t\t\t\t<h2 class=\"elementor-heading-title elementor-size-default\">Humo<\/h2>\t\t\t\t<\/div>\n\t\t\t\t<div class=\"elementor-element elementor-element-1a8af0e elementor-widget__width-initial elementor-widget elementor-widget-heading\" data-id=\"1a8af0e\" data-element_type=\"widget\" data-e-type=\"widget\" data-widget_type=\"heading.default\">\n\t\t\t\t\t<p class=\"elementor-heading-title elementor-size-default\">Creo conciencia social por medio de \nim\u00e1genes potentes.<\/p>\t\t\t\t<\/div>\n\t\t\t\t<\/a>\n\t\t<a class=\"elementor-element elementor-element-bf47851 e-con-full img-lvn e-flex elementor-invisible e-con e-child\" data-id=\"bf47851\" data-element_type=\"container\" data-e-type=\"container\" data-settings=\"{&quot;background_background&quot;:&quot;classic&quot;,&quot;animation&quot;:&quot;fadeInDown&quot;,&quot;animation_delay&quot;:400}\" href=\"https:\/\/dpsixty9visual.com\/coleccion\/dragqueen\/\">\n\t\t\t\t<div class=\"elementor-element elementor-element-3c451cd elementor-widget elementor-widget-heading\" data-id=\"3c451cd\" data-element_type=\"widget\" data-e-type=\"widget\" data-widget_type=\"heading.default\">\n\t\t\t\t\t<h3 class=\"elementor-heading-title elementor-size-default\">04.<\/h3>\t\t\t\t<\/div>\n\t\t\t\t<div class=\"elementor-element elementor-element-a747e75 elementor-widget elementor-widget-heading\" data-id=\"a747e75\" data-element_type=\"widget\" data-e-type=\"widget\" data-widget_type=\"heading.default\">\n\t\t\t\t\t<h2 class=\"elementor-heading-title elementor-size-default\">Dragqueen<\/h2>\t\t\t\t<\/div>\n\t\t\t\t<div class=\"elementor-element elementor-element-e901b5a elementor-widget__width-initial elementor-widget elementor-widget-heading\" data-id=\"e901b5a\" data-element_type=\"widget\" data-e-type=\"widget\" data-widget_type=\"heading.default\">\n\t\t\t\t\t<p class=\"elementor-heading-title elementor-size-default\">Un mundo que celebra la libertad.<\/p>\t\t\t\t<\/div>\n\t\t\t\t<\/a>\n\t\t<a class=\"elementor-element elementor-element-888e4d3 e-con-full img-lvn e-flex elementor-invisible e-con e-child\" data-id=\"888e4d3\" data-element_type=\"container\" data-e-type=\"container\" data-settings=\"{&quot;background_background&quot;:&quot;classic&quot;,&quot;animation&quot;:&quot;fadeInDown&quot;,&quot;animation_delay&quot;:500}\" href=\"https:\/\/dpsixty9visual.com\/coleccion\/agua\/\">\n\t\t\t\t<div class=\"elementor-element elementor-element-60c4b84 elementor-widget elementor-widget-heading\" data-id=\"60c4b84\" data-element_type=\"widget\" data-e-type=\"widget\" data-widget_type=\"heading.default\">\n\t\t\t\t\t<h3 class=\"elementor-heading-title elementor-size-default\">05.<\/h3>\t\t\t\t<\/div>\n\t\t\t\t<div class=\"elementor-element elementor-element-9fb6336 elementor-widget elementor-widget-heading\" data-id=\"9fb6336\" data-element_type=\"widget\" data-e-type=\"widget\" data-widget_type=\"heading.default\">\n\t\t\t\t\t<h2 class=\"elementor-heading-title elementor-size-default\">Mar y monta\u00f1a<\/h2>\t\t\t\t<\/div>\n\t\t\t\t<div class=\"elementor-element elementor-element-d59a48d elementor-widget__width-initial elementor-widget elementor-widget-heading\" data-id=\"d59a48d\" data-element_type=\"widget\" data-e-type=\"widget\" data-widget_type=\"heading.default\">\n\t\t\t\t\t<p class=\"elementor-heading-title elementor-size-default\">El mar y la monta\u00f1a representan \ndos paisajes opuestos.<\/p>\t\t\t\t<\/div>\n\t\t\t\t<\/a>\n\t\t\t\t<\/div>\n\t\t\t\t\t<\/div>\n\t\t\t\t<\/div>\n\t\t<div class=\"elementor-element elementor-element-0e02aeb e-flex e-con-boxed e-con e-parent\" data-id=\"0e02aeb\" data-element_type=\"container\" data-e-type=\"container\">\n\t\t\t\t\t<div class=\"e-con-inner\">\n\t\t<div class=\"elementor-element elementor-element-e4d914a e-con-full e-flex e-con e-child\" data-id=\"e4d914a\" data-element_type=\"container\" data-e-type=\"container\">\n\t\t\t\t<div class=\"elementor-element elementor-element-cf2f6f8 elementor-invisible elementor-widget elementor-widget-heading\" data-id=\"cf2f6f8\" data-element_type=\"widget\" data-e-type=\"widget\" data-settings=\"{&quot;_animation&quot;:&quot;fadeInDown&quot;}\" data-widget_type=\"heading.default\">\n\t\t\t\t\t<h3 class=\"elementor-heading-title elementor-size-default\">El artista<\/h3>\t\t\t\t<\/div>\n\t\t\t\t<div class=\"elementor-element elementor-element-e7b6dda elementor-invisible elementor-widget elementor-widget-heading\" data-id=\"e7b6dda\" data-element_type=\"widget\" data-e-type=\"widget\" data-settings=\"{&quot;_animation&quot;:&quot;fadeInDown&quot;,&quot;_animation_delay&quot;:100}\" data-widget_type=\"heading.default\">\n\t\t\t\t\t<h2 class=\"elementor-heading-title elementor-size-default\">Detr\u00e1s del objetivo<\/h2>\t\t\t\t<\/div>\n\t\t\t\t<div class=\"elementor-element elementor-element-75be082 elementor-widget__width-initial elementor-invisible elementor-widget elementor-widget-heading\" data-id=\"75be082\" data-element_type=\"widget\" data-e-type=\"widget\" data-settings=\"{&quot;_animation&quot;:&quot;fadeInDown&quot;,&quot;_animation_delay&quot;:200}\" data-widget_type=\"heading.default\">\n\t\t\t\t\t<p class=\"elementor-heading-title elementor-size-default\">Una buena fotograf\u00eda puede hacer escuchar, hablar, bailar, cantar, llorar, sonre\u00edr, besar, follar, provocar una revoluci\u00f3n, romper la guerra, traer una paz profunda, despertar recuerdos y sensaciones.<\/p>\t\t\t\t<\/div>\n\t\t\t\t<div class=\"elementor-element elementor-element-d8ad81a elementor-shape-circle e-grid-align-left elementor-hidden-desktop elementor-hidden-tablet elementor-hidden-mobile elementor-grid-0 elementor-widget elementor-widget-social-icons\" data-id=\"d8ad81a\" data-element_type=\"widget\" data-e-type=\"widget\" data-widget_type=\"social-icons.default\">\n\t\t\t\t\t\t\t<div class=\"elementor-social-icons-wrapper elementor-grid\" role=\"list\">\n\t\t\t\t\t\t\t<span class=\"elementor-grid-item\" role=\"listitem\">\n\t\t\t\t\t<a class=\"elementor-icon elementor-social-icon elementor-social-icon-facebook elementor-repeater-item-534910e\" target=\"_blank\">\n\t\t\t\t\t\t<span class=\"elementor-screen-only\">Facebook<\/span>\n\t\t\t\t\t\t<svg aria-hidden=\"true\" class=\"e-font-icon-svg e-fab-facebook\" viewBox=\"0 0 512 512\" xmlns=\"http:\/\/www.w3.org\/2000\/svg\"><path d=\"M504 256C504 119 393 8 256 8S8 119 8 256c0 123.78 90.69 226.38 209.25 245V327.69h-63V256h63v-54.64c0-62.15 37-96.48 93.67-96.48 27.14 0 55.52 4.84 55.52 4.84v61h-31.28c-30.8 0-40.41 19.12-40.41 38.73V256h68.78l-11 71.69h-57.78V501C413.31 482.38 504 379.78 504 256z\"><\/path><\/svg>\t\t\t\t\t<\/a>\n\t\t\t\t<\/span>\n\t\t\t\t\t\t\t<span class=\"elementor-grid-item\" role=\"listitem\">\n\t\t\t\t\t<a class=\"elementor-icon elementor-social-icon elementor-social-icon-x-twitter elementor-repeater-item-167513e\" target=\"_blank\">\n\t\t\t\t\t\t<span class=\"elementor-screen-only\">X-twitter<\/span>\n\t\t\t\t\t\t<svg aria-hidden=\"true\" class=\"e-font-icon-svg e-fab-x-twitter\" viewBox=\"0 0 512 512\" xmlns=\"http:\/\/www.w3.org\/2000\/svg\"><path d=\"M389.2 48h70.6L305.6 224.2 487 464H345L233.7 318.6 106.5 464H35.8L200.7 275.5 26.8 48H172.4L272.9 180.9 389.2 48zM364.4 421.8h39.1L151.1 88h-42L364.4 421.8z\"><\/path><\/svg>\t\t\t\t\t<\/a>\n\t\t\t\t<\/span>\n\t\t\t\t\t\t\t<span class=\"elementor-grid-item\" role=\"listitem\">\n\t\t\t\t\t<a class=\"elementor-icon elementor-social-icon elementor-social-icon-youtube elementor-repeater-item-867ca78\" target=\"_blank\">\n\t\t\t\t\t\t<span class=\"elementor-screen-only\">Youtube<\/span>\n\t\t\t\t\t\t<svg aria-hidden=\"true\" class=\"e-font-icon-svg e-fab-youtube\" viewBox=\"0 0 576 512\" xmlns=\"http:\/\/www.w3.org\/2000\/svg\"><path d=\"M549.655 124.083c-6.281-23.65-24.787-42.276-48.284-48.597C458.781 64 288 64 288 64S117.22 64 74.629 75.486c-23.497 6.322-42.003 24.947-48.284 48.597-11.412 42.867-11.412 132.305-11.412 132.305s0 89.438 11.412 132.305c6.281 23.65 24.787 41.5 48.284 47.821C117.22 448 288 448 288 448s170.78 0 213.371-11.486c23.497-6.321 42.003-24.171 48.284-47.821 11.412-42.867 11.412-132.305 11.412-132.305s0-89.438-11.412-132.305zm-317.51 213.508V175.185l142.739 81.205-142.739 81.201z\"><\/path><\/svg>\t\t\t\t\t<\/a>\n\t\t\t\t<\/span>\n\t\t\t\t\t<\/div>\n\t\t\t\t\t\t<\/div>\n\t\t\t\t<div class=\"elementor-element elementor-element-b315725 elementor-invisible elementor-widget elementor-widget-image\" data-id=\"b315725\" data-element_type=\"widget\" data-e-type=\"widget\" data-settings=\"{&quot;_animation&quot;:&quot;fadeInDown&quot;,&quot;_animation_delay&quot;:300}\" data-widget_type=\"image.default\">\n\t\t\t\t\t\t\t\t\t\t\t\t\t\t\t<img decoding=\"async\" width=\"800\" height=\"125\" src=\"https:\/\/dpsixty9visual.com\/wp-content\/uploads\/2026\/02\/LogoDP01.webp\" class=\"attachment-large size-large wp-image-581\" alt=\"\" srcset=\"https:\/\/dpsixty9visual.com\/wp-content\/uploads\/2026\/02\/LogoDP01.webp 1020w, https:\/\/dpsixty9visual.com\/wp-content\/uploads\/2026\/02\/LogoDP01-300x47.webp 300w, https:\/\/dpsixty9visual.com\/wp-content\/uploads\/2026\/02\/LogoDP01-768x120.webp 768w\" sizes=\"(max-width: 800px) 100vw, 800px\" \/>\t\t\t\t\t\t\t\t\t\t\t\t\t\t\t<\/div>\n\t\t\t\t<\/div>\n\t\t<div class=\"elementor-element elementor-element-d9af453 e-con-full img-lvn e-flex elementor-invisible e-con e-child\" data-id=\"d9af453\" data-element_type=\"container\" data-e-type=\"container\" data-settings=\"{&quot;background_background&quot;:&quot;classic&quot;,&quot;animation&quot;:&quot;fadeIn&quot;,&quot;animation_delay&quot;:250}\">\n\t\t\t\t<\/div>\n\t\t\t\t\t<\/div>\n\t\t\t\t<\/div>\n\t\t<div class=\"elementor-element elementor-element-5516028 e-flex e-con-boxed e-con e-parent\" data-id=\"5516028\" data-element_type=\"container\" data-e-type=\"container\">\n\t\t\t\t\t<div class=\"e-con-inner\">\n\t\t<div class=\"elementor-element elementor-element-f5352c8 e-con-full e-flex e-con e-child\" data-id=\"f5352c8\" data-element_type=\"container\" data-e-type=\"container\" data-settings=\"{&quot;background_background&quot;:&quot;classic&quot;}\">\n\t\t\t\t<div class=\"elementor-element elementor-element-115f676 elementor-widget-mobile__width-inherit elementor-invisible elementor-widget elementor-widget-heading\" data-id=\"115f676\" data-element_type=\"widget\" data-e-type=\"widget\" data-settings=\"{&quot;_animation&quot;:&quot;fadeInDown&quot;}\" data-widget_type=\"heading.default\">\n\t\t\t\t\t<h2 class=\"elementor-heading-title elementor-size-default\">\u00bfInteresado?<\/h2>\t\t\t\t<\/div>\n\t\t\t\t<div class=\"elementor-element elementor-element-f923cc3 elementor-widget__width-initial elementor-widget-mobile__width-inherit elementor-invisible elementor-widget elementor-widget-heading\" data-id=\"f923cc3\" data-element_type=\"widget\" data-e-type=\"widget\" data-settings=\"{&quot;_animation&quot;:&quot;fadeInDown&quot;,&quot;_animation_delay&quot;:100}\" data-widget_type=\"heading.default\">\n\t\t\t\t\t<p class=\"elementor-heading-title elementor-size-default\">Actualmente todos los trabajos son por encargo\ny si requieres de una sesi\u00f3n o de alguna im\u00e1gen\nponte en contacto conmigo para comentarlo.<\/p>\t\t\t\t<\/div>\n\t\t\t\t<div class=\"elementor-element elementor-element-da389c6 elementor-align-center elementor-invisible elementor-widget elementor-widget-button\" data-id=\"da389c6\" data-element_type=\"widget\" data-e-type=\"widget\" data-settings=\"{&quot;_animation&quot;:&quot;fadeInDown&quot;,&quot;_animation_delay&quot;:200}\" data-widget_type=\"button.default\">\n\t\t\t\t\t\t\t\t\t\t<a class=\"elementor-button elementor-button-link elementor-size-sm\" href=\"\/contacto\/\">\n\t\t\t\t\t\t<span class=\"elementor-button-content-wrapper\">\n\t\t\t\t\t\t\t\t\t<span class=\"elementor-button-text\">Solicitar info<\/span>\n\t\t\t\t\t<\/span>\n\t\t\t\t\t<\/a>\n\t\t\t\t\t\t\t\t<\/div>\n\t\t\t\t<\/div>\n\t\t\t\t\t<\/div>\n\t\t\t\t<\/div>\n\t\t\t\t<\/div>\n\t\t","protected":false},"excerpt":{"rendered":"<p>Capturando Momentos Fotograf\u00eda art\u00edstica y documental Colecciones Una buena fotograf\u00eda puede hacer escuchar, hablar, bailar, cantar, llorar, sonre\u00edr, besar, follar, provocar una revoluci\u00f3n, romper la guerra, traer una paz profunda, despertar recuerdos y sensaciones, etc \u2026 01. D\u00eda de muertos M\u00e9xico m\u00e1gico en este d\u00eda tan especial como es el d\u00eda de muertos, un viaje [&hellip;]<\/p>\n","protected":false},"author":5415,"featured_media":0,"parent":0,"menu_order":0,"comment_status":"closed","ping_status":"closed","template":"","meta":{"footnotes":""},"class_list":["post-574","page","type-page","status-publish","hentry"],"_links":{"self":[{"href":"https:\/\/dpsixty9visual.com\/en\/wp-json\/wp\/v2\/pages\/574","targetHints":{"allow":["GET"]}}],"collection":[{"href":"https:\/\/dpsixty9visual.com\/en\/wp-json\/wp\/v2\/pages"}],"about":[{"href":"https:\/\/dpsixty9visual.com\/en\/wp-json\/wp\/v2\/types\/page"}],"author":[{"embeddable":true,"href":"https:\/\/dpsixty9visual.com\/en\/wp-json\/wp\/v2\/users\/5415"}],"replies":[{"embeddable":true,"href":"https:\/\/dpsixty9visual.com\/en\/wp-json\/wp\/v2\/comments?post=574"}],"version-history":[{"count":1,"href":"https:\/\/dpsixty9visual.com\/en\/wp-json\/wp\/v2\/pages\/574\/revisions"}],"predecessor-version":[{"id":591,"href":"https:\/\/dpsixty9visual.com\/en\/wp-json\/wp\/v2\/pages\/574\/revisions\/591"}],"wp:attachment":[{"href":"https:\/\/dpsixty9visual.com\/en\/wp-json\/wp\/v2\/media?parent=574"}],"curies":[{"name":"wp","href":"https:\/\/api.w.org\/{rel}","templated":true}]}}